{"id":2908,"date":"2017-09-23T21:37:44","date_gmt":"2017-09-23T21:37:44","guid":{"rendered":"http:\/\/www.liderarte.com.mx\/oldsite\/?page_id=2908"},"modified":"2017-10-27T16:01:08","modified_gmt":"2017-10-27T16:01:08","slug":"tus-cinco-poderes","status":"publish","type":"page","link":"https:\/\/www.liderarte.com.mx\/oldsite\/tus-cinco-poderes\/","title":{"rendered":"TUS CINCO PODERES"},"content":{"rendered":"<div class=\"wpb-content-wrapper\"><p>[vc_row][vc_column][\/vc_column][\/vc_row][vc_row full_width=\u00bbstretch_row_content_no_spaces\u00bb row_fullwidth=\u00bbyes\u00bb css=\u00bb.vc_custom_1506397546426{padding-top: 60px !important;padding-bottom: 30px !important;background-image: url(http:\/\/www.liderarte.com.mx\/oldsite\/wp-content\/uploads\/2017\/09\/back-ngo.jpg?id=2923) !important;}\u00bb][vc_column][vc_custom_heading text=\u00bb\u00bfC\u00f3mo inici\u00f3 tu aprendizaje? Aprender jugando es la manera m\u00e1s creativa de expandirse hacia lo nuevo.\u00bb font_container=\u00bbtag:h1|text_align:center|color:%23ffffff\u00bb google_fonts=\u00bbfont_family:Lato%3A100%2C100italic%2C300%2C300italic%2Cregular%2Citalic%2C700%2C700italic%2C900%2C900italic|font_style:700%20bold%20regular%3A700%3Anormal\u00bb css=\u00bb.vc_custom_1508531992886{padding-right: 100px !important;padding-left: 100px !important;}\u00bb][vc_empty_space height=\u00bb30px\u00bb][vc_single_image image=\u00bb2926&#8243; img_size=\u00bbfull\u00bb alignment=\u00bbcenter\u00bb][\/vc_column][\/vc_row][vc_row content_placement=\u00bbmiddle\u00bb][vc_column][vc_column_text css=\u00bb.vc_custom_1509120064625{padding-top: 50px !important;padding-right: 40px !important;padding-bottom: 30px !important;}\u00bb]<span style=\"color: #333333;\">TUS CINCO PODERES es un Juego que inspira a los individuos y grupos de personas a observar un tema desde diferentes miradas antes de tomar una decisi\u00f3n.<\/span><\/p>\n<p>&nbsp;<\/p>\n<p><span style=\"color: #333333;\">TUS CINCO PODERES tienen que ver con la magia de las preguntas.<\/span><\/p>\n<p><span style=\"color: #333333;\">ESAS PREGUNTAS que te llevan a que escuches dentro de tu coraz\u00f3n la respuesta que no sab\u00edas que estaba tan a tu alcance.<\/span><\/p>\n<p>&nbsp;<\/p>\n<p><span style=\"color: #333333;\">TUS CINCO PODERES tiene el encanto de la reuni\u00f3n de personas que comparten una b\u00fasqueda y un plan de acci\u00f3n a\u00fan no conocido. La escucha activa, la evaluaci\u00f3n de opciones, la resoluci\u00f3n creativa de problemas o situaciones es el resultado de jugar este juego. Puedes usarlo en grupos o individualmente.<\/span><\/p>\n<p>&nbsp;<\/p>\n<p><span style=\"color: #333333;\">TUS CINCO PODERES son aquellos que te pertenecen y que puedes ejercer en cualquier momento de tu vida, ellos son: <strong>El poder de los pensamientos, el poder de las palabras, el poder de las emociones, el Poder de las acciones y el Poder de la intuici\u00f3n.<\/strong><\/span><\/p>\n<p>&nbsp;<\/p>\n<h3 style=\"text-align: center;\"><span style=\"color: #333333;\"><strong>\u00bfQu\u00e9 pasa cuando usas Tus Cinco Poderes?<\/strong><\/span><\/h3>\n<h3 style=\"text-align: center;\"><span style=\"color: #333333;\"><strong>Ves lo que no ve\u00edas, sabes lo que no sab\u00edas y haces lo que no cre\u00edas que pod\u00edas saber. \u00bfTe animas a jugarlo?<\/strong><\/span><\/h3>\n<p>[\/vc_column_text][\/vc_column][\/vc_row][vc_row full_width=\u00bbstretch_row_content\u00bb content_placement=\u00bbmiddle\u00bb row_fullwidth=\u00bbyes\u00bb css=\u00bb.vc_custom_1508535655544{padding-top: 40px !important;padding-bottom: 30px !important;background-image: url(http:\/\/www.liderarte.com.mx\/oldsite\/wp-content\/uploads\/2017\/09\/back-ngo.jpg?id=2923) !important;}\u00bb][vc_column][st_slider_testtimontal][st_slider_testtimontal_item st_image=\u00bb2926&#8243;]\u201cUna nueva herramienta para el coaching muy posibilitadora\u201d[\/st_slider_testtimontal_item][st_slider_testtimontal_item st_image=\u00bb2926&#8243;]\u201cMi experiencia fue sublime, empec\u00e9 jugando con una emoci\u00f3n y termin\u00e9 con otra\u201d[\/st_slider_testtimontal_item][st_slider_testtimontal_item st_image=\u00bb2926&#8243;]\u201cEl juego fue una excelente experiencia, me abri\u00f3 posibilidades y reflexiones para accionar en una forma diferente\u201d[\/st_slider_testtimontal_item][\/st_slider_testtimontal][\/vc_column][\/vc_row][vc_row full_width=\u00bbstretch_row_content_no_spaces\u00bb content_placement=\u00bbmiddle\u00bb row_fullwidth=\u00bbyes\u00bb parallax_class=\u00bbyes\u00bb css=\u00bb.vc_custom_1506383597123{background-image: url(http:\/\/www.liderarte.com.mx\/oldsite\/wp-content\/uploads\/2017\/09\/BACK-colors3.jpg?id=2937) !important;}\u00bb][vc_column][vc_custom_heading text=\u00bbAccediendo a Tus Cinco Poderes ampliar\u00e1s tu capacidad de acci\u00f3n y conexi\u00f3n.\u00bb font_container=\u00bbtag:h1|text_align:center|color:%23ffffff\u00bb google_fonts=\u00bbfont_family:Lato%3A100%2C100italic%2C300%2C300italic%2Cregular%2Citalic%2C700%2C700italic%2C900%2C900italic|font_style:700%20bold%20regular%3A700%3Anormal\u00bb css=\u00bb.vc_custom_1508532410284{padding-top: 50px !important;padding-right: 100px !important;padding-bottom: 50px !important;padding-left: 100px !important;}\u00bb][\/vc_column][\/vc_row][vc_row full_width=\u00bbstretch_row_content_no_spaces\u00bb row_fullwidth=\u00bbyes\u00bb css=\u00bb.vc_custom_1506393893581{padding-top: 50px !important;padding-bottom: 30px !important;background-image: url(http:\/\/www.liderarte.com.mx\/oldsite\/wp-content\/uploads\/2017\/09\/back-bco1.jpg?id=2939) !important;}\u00bb][vc_column][vc_row_inner][vc_column_inner width=\u00bb1\/4&#8243;][\/vc_column_inner][vc_column_inner width=\u00bb1\/2&#8243;][vc_icon icon_fontawesome=\u00bbfa fa-users\u00bb color=\u00bbblack\u00bb size=\u00bblg\u00bb align=\u00bbcenter\u00bb][vc_custom_heading text=\u00bbA qui\u00e9n va dirigido\u00bb font_container=\u00bbtag:h2|text_align:center\u00bb google_fonts=\u00bbfont_family:Lato%3A100%2C100italic%2C300%2C300italic%2Cregular%2Citalic%2C700%2C700italic%2C900%2C900italic|font_style:700%20bold%20regular%3A700%3Anormal\u00bb][vc_empty_space height=\u00bb20px\u00bb][vc_separator color=\u00bbviolet\u00bb border_width=\u00bb2&#8243;][vc_column_text css=\u00bb.vc_custom_1508725653714{padding-top: 10px !important;padding-right: 30px !important;padding-bottom: 20px !important;padding-left: 30px !important;}\u00bb]<span style=\"color: #333333;\">A todas aquellas personas que desean conocer esta herramienta para aplicarla a su propia vida y as\u00ed ser instrumento inspirador en su entorno.<\/span><\/p>\n<p>&nbsp;<\/p>\n<p><span style=\"color: #333333;\">Enfocada a coaches, counselors, psic\u00f3logos, consultores, docentes, psic\u00f3logos sociales, profesionales en el \u00e1mbito organizacional y empresarial.<\/span><\/p>\n<p>&nbsp;<\/p>\n<h3 style=\"text-align: center;\"><span style=\"color: #333333;\"><strong>Tus Cinco Poderes est\u00e1 enfocado al desarrollo y despliegue de las personas!\u00a0<\/strong><\/span><\/h3>\n<p>[\/vc_column_text][\/vc_column_inner][vc_column_inner width=\u00bb1\/4&#8243;][\/vc_column_inner][\/vc_row_inner][vc_single_image image=\u00bb2926&#8243; img_size=\u00bbfull\u00bb alignment=\u00bbcenter\u00bb][\/vc_column][\/vc_row][vc_row full_width=\u00bbstretch_row_content_no_spaces\u00bb content_placement=\u00bbmiddle\u00bb row_fullwidth=\u00bbyes\u00bb parallax_class=\u00bbyes\u00bb css=\u00bb.vc_custom_1506402021305{padding-top: 60px !important;padding-bottom: 30px !important;background-image: url(http:\/\/www.liderarte.com.mx\/oldsite\/wp-content\/uploads\/2017\/09\/back-ngo-jgo.jpg?id=2948) !important;}\u00bb][vc_column][vc_custom_heading text=\u00bbMetodolog\u00eda del Juego\u00bb font_container=\u00bbtag:h1|text_align:center|color:%23ffffff\u00bb google_fonts=\u00bbfont_family:Lato%3A100%2C100italic%2C300%2C300italic%2Cregular%2Citalic%2C700%2C700italic%2C900%2C900italic|font_style:700%20bold%20regular%3A700%3Anormal\u00bb css=\u00bb.vc_custom_1506402052185{padding-right: 100px !important;padding-left: 100px !important;}\u00bb][vc_empty_space height=\u00bb20px\u00bb][vc_column_text css=\u00bb.vc_custom_1506402168241{padding-right: 100px !important;padding-left: 100px !important;}\u00bb]<span style=\"color: #ffffff;\"><strong>A partir de un tema o situaci\u00f3n que se pone en el centro del juego, se responden las preguntas correspondientes a cada poder. Estas preguntas son disparadores de creatividad, de espacios de intimidad y conexi\u00f3n, que nos llevan a la aventura de descubrir aspectos de nosotros mismos que esperan expresarse.<\/strong> <\/span>[\/vc_column_text][vc_empty_space height=\u00bb20px\u00bb][vc_row_inner][vc_column_inner width=\u00bb1\/3&#8243;][vc_single_image image=\u00bb2966&#8243; img_size=\u00bbfull\u00bb alignment=\u00bbcenter\u00bb css_animation=\u00bbfadeInUp\u00bb][\/vc_column_inner][vc_column_inner width=\u00bb1\/3&#8243;][vc_single_image image=\u00bb2967&#8243; img_size=\u00bbfull\u00bb alignment=\u00bbcenter\u00bb css_animation=\u00bbfadeInUp\u00bb][\/vc_column_inner][vc_column_inner width=\u00bb1\/3&#8243;][vc_single_image image=\u00bb2968&#8243; img_size=\u00bbfull\u00bb alignment=\u00bbcenter\u00bb css_animation=\u00bbfadeInUp\u00bb][\/vc_column_inner][\/vc_row_inner][vc_row_inner][vc_column_inner width=\u00bb1\/2&#8243;][vc_single_image image=\u00bb2969&#8243; img_size=\u00bbfull\u00bb alignment=\u00bbright\u00bb css_animation=\u00bbfadeInUp\u00bb css=\u00bb.vc_custom_1506411063034{padding-right: 50px !important;}\u00bb][\/vc_column_inner][vc_column_inner width=\u00bb1\/2&#8243;][vc_single_image image=\u00bb2970&#8243; img_size=\u00bbfull\u00bb css_animation=\u00bbfadeInUp\u00bb css=\u00bb.vc_custom_1506411088784{padding-left: 50px !important;}\u00bb][\/vc_column_inner][\/vc_row_inner][vc_single_image image=\u00bb2926&#8243; img_size=\u00bbfull\u00bb alignment=\u00bbcenter\u00bb][\/vc_column][\/vc_row][vc_row full_width=\u00bbstretch_row_content_no_spaces\u00bb content_placement=\u00bbmiddle\u00bb row_fullwidth=\u00bbyes\u00bb parallax_class=\u00bbyes\u00bb css=\u00bb.vc_custom_1506410318499{padding-top: 50px !important;padding-bottom: 20px !important;background-image: url(http:\/\/www.liderarte.com.mx\/oldsite\/wp-content\/uploads\/2017\/09\/back-bco2.jpg?id=2958) !important;}\u00bb][vc_column][vc_video link=\u00bbhttps:\/\/www.youtube.com\/watch?v=YZGctFMZGMg\u00bb el_width=\u00bb80&#8243; align=\u00bbcenter\u00bb][\/vc_column][\/vc_row][vc_row full_width=\u00bbstretch_row_content_no_spaces\u00bb content_placement=\u00bbmiddle\u00bb row_fullwidth=\u00bbyes\u00bb parallax_class=\u00bbyes\u00bb css=\u00bb.vc_custom_1506410145208{background-image: url(http:\/\/www.liderarte.com.mx\/oldsite\/wp-content\/uploads\/2017\/09\/back-bco2.jpg?id=2958) !important;}\u00bb][vc_column][vc_column_text css=\u00bb.vc_custom_1506214242109{padding-top: 50px !important;}\u00bb]<\/p>\n<div class=\"company-name\">\n<h1 class=\"font2\" style=\"text-align: center;\"><span style=\"color: #000000;\">CONT\u00c1CTANOS<\/span><\/h1>\n<h1 class=\"font2\" style=\"text-align: center;\"><\/h1>\n<p>&nbsp;<\/p>\n<h1 class=\"font2\" style=\"text-align: center;\">M\u00e9xico<\/h1>\n<\/div>\n<div class=\"company-add\" style=\"text-align: center;\">\n<h4 class=\"font1\"><\/h4>\n<h4 class=\"font1\">+52 1 55 1427-2196<\/h4>\n<\/div>\n<div class=\"company-name\" style=\"text-align: center;\">\n<h1 class=\"font2\"><\/h1>\n<p>&nbsp;<\/p>\n<h1 class=\"font2\">Argentina<\/h1>\n<\/div>\n<div class=\"company-add\" style=\"text-align: center;\">\n<h4 class=\"font1\"><\/h4>\n<h4 class=\"font1\">+ 54 9 11 5182-9300<\/h4>\n<h4>+54 9 11 6007-0776<\/h4>\n<p>&nbsp;<\/p>\n<\/div>\n<h3 class=\"company-mail\" style=\"text-align: center;\"><a class=\"font3\" href=\"mailto:contacto@liderarte.com.mx\">contacto@liderarte.com.mx<\/a><\/h3>\n<p>[\/vc_column_text][vc_empty_space height=\u00bb20px\u00bb][vc_single_image image=\u00bb2959&#8243; img_size=\u00bbfull\u00bb alignment=\u00bbcenter\u00bb onclick=\u00bbcustom_link\u00bb img_link_target=\u00bb_blank\u00bb title=\u00bbS\u00edguenos\u00bb link=\u00bbhttps:\/\/www.facebook.com\/tuscincopodereres\/\u00bb][\/vc_column][\/vc_row][vc_row row_fullwidth=\u00bbyes\u00bb parallax_class=\u00bbyes\u00bb css=\u00bb.vc_custom_1506214166484{padding-top: 80px !important;padding-bottom: 80px !important;background-image: url(http:\/\/www.liderarte.com.mx\/oldsite\/wp-content\/uploads\/2017\/09\/back_form.jpg?id=2920) !important;}\u00bb][vc_column width=\u00bb1\/3&#8243;][\/vc_column][vc_column width=\u00bb1\/3&#8243;]\n<div class=\"wpcf7 no-js\" id=\"wpcf7-f1705-o1\" lang=\"en-US\" dir=\"ltr\" data-wpcf7-id=\"1705\">\n<div class=\"screen-reader-response\"><p role=\"status\" aria-live=\"polite\" aria-atomic=\"true\"><\/p> <ul><\/ul><\/div>\n<form action=\"\/oldsite\/wp-json\/wp\/v2\/pages\/2908#wpcf7-f1705-o1\" method=\"post\" class=\"wpcf7-form init\" aria-label=\"Contact form\" novalidate=\"novalidate\" data-status=\"init\">\n<fieldset class=\"hidden-fields-container\"><input type=\"hidden\" name=\"_wpcf7\" value=\"1705\" \/><input type=\"hidden\" name=\"_wpcf7_version\" value=\"6.1.1\" \/><input type=\"hidden\" name=\"_wpcf7_locale\" value=\"en_US\" \/><input type=\"hidden\" name=\"_wpcf7_unit_tag\" value=\"wpcf7-f1705-o1\" \/><input type=\"hidden\" name=\"_wpcf7_container_post\" value=\"0\" \/><input type=\"hidden\" name=\"_wpcf7_posted_data_hash\" value=\"\" \/><input type=\"hidden\" name=\"_wpcf7_recaptcha_response\" value=\"\" \/>\n<\/fieldset>\n<article class=\" text-center st-padding-mobi\">\n\t<div class=\"contact-form-outer\">\n\t\t<div class=\"form-wrap\">\n\t\t\t<div class=\"contact-form\">\n\t\t\t\t<p><span class=\"wpcf7-form-control-wrap\" data-name=\"name-arc\"><input size=\"100\" maxlength=\"400\" class=\"wpcf7-form-control wpcf7-text wpcf7-validates-as-required cnt-input font1\" id=\"name\" aria-required=\"true\" aria-invalid=\"false\" placeholder=\"Nombre\" value=\"\" type=\"text\" name=\"name-arc\" \/><\/span><br \/>\n<span class=\"wpcf7-form-control-wrap\" data-name=\"email-arc\"><input size=\"30\" maxlength=\"400\" class=\"wpcf7-form-control wpcf7-email wpcf7-validates-as-required wpcf7-text wpcf7-validates-as-email cnt-input font1\" id=\"email\" aria-required=\"true\" aria-invalid=\"false\" placeholder=\"Email\" value=\"\" type=\"email\" name=\"email-arc\" \/><\/span><br \/>\n<span class=\"wpcf7-form-control-wrap\" data-name=\"pais-arc\"><input size=\"30\" maxlength=\"400\" class=\"wpcf7-form-control wpcf7-text wpcf7-validates-as-required cnt-input font1\" id=\"pais\" aria-required=\"true\" aria-invalid=\"false\" placeholder=\"Pa\u00eds\" value=\"\" type=\"text\" name=\"pais-arc\" \/><\/span>\n\t\t\t\t<\/p>\n\t\t\t\t<p><span class=\"wpcf7-form-control-wrap\" data-name=\"message-arc\"><textarea cols=\"40\" rows=\"3\" maxlength=\"2000\" class=\"wpcf7-form-control wpcf7-textarea wpcf7-validates-as-required cnt-input font1\" id=\"msg\" aria-required=\"true\" aria-invalid=\"false\" placeholder=\"Mensaje\" name=\"message-arc\"><\/textarea><\/span><button type=\"submit\" name=\"submit\" id=\"submit\" class=\"submitter\"><span class=\"text font2\">Enviar<\/span><span class=\"btnBefore\"><\/span><span class=\"btnAfter\"><\/span><\/button>\n\t\t\t\t<\/p>\n\t\t\t<\/div>\n\t\t<\/div>\n\t<\/div>\n<\/article><div class=\"wpcf7-response-output\" aria-hidden=\"true\"><\/div>\n<\/form>\n<\/div>\n[\/vc_column][vc_column width=\u00bb1\/3&#8243;][\/vc_column][\/vc_row][vc_row full_width=\u00bbstretch_row_content_no_spaces\u00bb content_placement=\u00bbmiddle\u00bb row_fullwidth=\u00bbyes\u00bb css=\u00bb.vc_custom_1508534109339{background-color: #9a202f !important;}\u00bb][vc_column][vc_single_image image=\u00bb2983&#8243; img_size=\u00bbfull\u00bb alignment=\u00bbcenter\u00bb css=\u00bb.vc_custom_1508534457823{padding-top: 40px !important;padding-bottom: 25px !important;}\u00bb][\/vc_column][\/vc_row]<\/p>\n<\/div>","protected":false},"excerpt":{"rendered":"<p>[vc_row][vc_column][\/vc_column][\/vc_row][vc_row full_width=\u00bbstretch_row_content_no_spaces\u00bb row_fullwidth=\u00bbyes\u00bb css=\u00bb.vc_custom_1506397546426{padding-top: 60px !important;padding-bottom: 30px !important;background-image: url(http:\/\/www.liderarte.com.mx\/oldsite\/wp-content\/uploads\/2017\/09\/back-ngo.jpg?id=2923) !important;}\u00bb][vc_column][vc_custom_heading text=\u00bb\u00bfC\u00f3mo inici\u00f3 tu aprendizaje? Aprender jugando es la manera m\u00e1s creativa de expandirse hacia lo nuevo.\u00bb font_container=\u00bbtag:h1|text_align:center|color:%23ffffff\u00bb google_fonts=\u00bbfont_family:Lato%3A100%2C100italic%2C300%2C300italic%2Cregular%2Citalic%2C700%2C700italic%2C900%2C900italic|font_style:700%20bold%20regular%3A700%3Anormal\u00bb css=\u00bb.vc_custom_1508531992886{padding-right: 100px !important;padding-left: 100px !important;}\u00bb][vc_empty_space height=\u00bb30px\u00bb][vc_single_image image=\u00bb2926&#8243; img_size=\u00bbfull\u00bb alignment=\u00bbcenter\u00bb][\/vc_column][\/vc_row][vc_row content_placement=\u00bbmiddle\u00bb][vc_column][vc_column_text css=\u00bb.vc_custom_1509120064625{padding-top: 50px !important;padding-right: 40px !important;padding-bottom: 30px !important;}\u00bb]TUS CINCO PODERES es un Juego que inspira a los individuos [&hellip;]<\/p>\n","protected":false},"author":1,"featured_media":0,"parent":0,"menu_order":0,"comment_status":"closed","ping_status":"closed","template":"template-landingpage.php","meta":{"footnotes":""},"class_list":["post-2908","page","type-page","status-publish","hentry"],"_links":{"self":[{"href":"https:\/\/www.liderarte.com.mx\/oldsite\/wp-json\/wp\/v2\/pages\/2908","targetHints":{"allow":["GET"]}}],"collection":[{"href":"https:\/\/www.liderarte.com.mx\/oldsite\/wp-json\/wp\/v2\/pages"}],"about":[{"href":"https:\/\/www.liderarte.com.mx\/oldsite\/wp-json\/wp\/v2\/types\/page"}],"author":[{"embeddable":true,"href":"https:\/\/www.liderarte.com.mx\/oldsite\/wp-json\/wp\/v2\/users\/1"}],"replies":[{"embeddable":true,"href":"https:\/\/www.liderarte.com.mx\/oldsite\/wp-json\/wp\/v2\/comments?post=2908"}],"version-history":[{"count":46,"href":"https:\/\/www.liderarte.com.mx\/oldsite\/wp-json\/wp\/v2\/pages\/2908\/revisions"}],"predecessor-version":[{"id":2997,"href":"https:\/\/www.liderarte.com.mx\/oldsite\/wp-json\/wp\/v2\/pages\/2908\/revisions\/2997"}],"wp:attachment":[{"href":"https:\/\/www.liderarte.com.mx\/oldsite\/wp-json\/wp\/v2\/media?parent=2908"}],"curies":[{"name":"wp","href":"https:\/\/api.w.org\/{rel}","templated":true}]}}