{"id":2818,"date":"2017-06-22T21:51:05","date_gmt":"2017-06-22T21:51:05","guid":{"rendered":"http:\/\/www.liderarte.com.mx\/oldsite\/?page_id=2818"},"modified":"2024-01-18T23:59:18","modified_gmt":"2024-01-18T23:59:18","slug":"prana-wellnes","status":"publish","type":"page","link":"https:\/\/www.liderarte.com.mx\/oldsite\/prana-wellnes\/","title":{"rendered":"PRAN\u00c4 WELLNES"},"content":{"rendered":"<div class=\"wpb-content-wrapper\"><p>[vc_row full_width=\u00bbstretch_row_content_no_spaces\u00bb row_fullwidth=\u00bbyes\u00bb css=\u00bb.vc_custom_1498460202388{background-color: #40938b !important;}\u00bb][vc_column][vc_column_text css=\u00bb.vc_custom_1498467796230{padding-top: 50px !important;padding-bottom: 50px !important;}\u00bb]<\/p>\n<h2 style=\"text-align: center;\"><span style=\"color: #ffffff;\">MAXIMICE LA PRODUCTIVIDAD DE SU EMPRESA,<\/span><br \/>\n<span style=\"color: #ffffff;\">gestionando el desempe\u00f1o de equipos multidisciplinarios.<\/span><\/h2>\n<p>[\/vc_column_text][\/vc_column][\/vc_row][vc_row][vc_column][vc_column_text css=\u00bb.vc_custom_1498468131310{padding-top: 50px !important;padding-right: 60px !important;padding-bottom: 40px !important;padding-left: 60px !important;}\u00bb]<\/p>\n<h3 style=\"text-align: center;\"><span style=\"color: #232323;\">Intervenimos en el \u201cLifestyle Management\u201d con servicios de alto impacto en la calidad de vida de la organizaci\u00f3n, haci\u00e9ndolo SIMPLE y entendiendo al Programa de Wellness como una estrategia de negocio que se adapta a la evoluci\u00f3n de los participantes.<\/span><\/h3>\n<p>[\/vc_column_text][\/vc_column][\/vc_row][vc_row row_fullwidth=\u00bbyes\u00bb parallax_class=\u00bbyes\u00bb css=\u00bb.vc_custom_1498464550885{padding-top: 50px !important;padding-bottom: 50px !important;background-image: url(http:\/\/www.liderarte.com.mx\/oldsite\/wp-content\/uploads\/2017\/06\/back_programawell.jpg?id=2842) !important;}\u00bb][vc_column width=\u00bb2\/3&#8243; css=\u00bb.vc_custom_1498465287614{padding-right: 50px !important;padding-left: 50px !important;}\u00bb][vc_custom_heading text=\u00bbPROGRAMAS PRAN\u00c4 WELLNES\u00bb font_container=\u00bbtag:h2|text_align:left|color:%2334696c\u00bb google_fonts=\u00bbfont_family:Lato%3A100%2C100italic%2C300%2C300italic%2Cregular%2Citalic%2C700%2C700italic%2C900%2C900italic|font_style:700%20bold%20regular%3A700%3Anormal\u00bb][vc_column_text css=\u00bb.vc_custom_1498465491759{padding-top: 30px !important;}\u00bb]<span style=\"color: #232323;\">NUESTROS PROGRAMAS NO SON S\u00d3LO UNA SERIE DE EJERCICIOS QUE ESTIRAN Y ESTIMULAN EL CUERPO, NUESTROS PROGRAMAS MUEVEN LA ENERG\u00cdA USANDO LA <\/span><span style=\"color: #232323;\">RESPIRACI\u00d3N COMO UNA HERRAMIENTA VITAL EN ESTE PROCESO.<\/span>[\/vc_column_text][vc_column_text css=\u00bb.vc_custom_1498465678110{padding-top: 0px !important;padding-bottom: 0px !important;}\u00bb]<span style=\"color: #232323;\"><strong>Nuestro programa Pran\u00e4 Wellness consiste de:<\/strong><\/span><br \/>\n<span style=\"color: #232323;\"><strong>Respiraciones, estiramientos y ejercicios muy simples con t\u00e9cnicas y din\u00e1micas espec\u00edficas <\/strong><strong>para elevar los niveles de conciencia y asimismo crear un \u00e1mbito laboral feliz.<\/strong><\/span>[\/vc_column_text][vc_column_text]<span style=\"color: #232323;\">Pensamos en wellness como una estrategia de negocio que mejora la calidad de vida de las personas que trabajan en las organizaciones, con un abordaje integral donde integramos varios aspectos:<\/span><br \/>\n<span style=\"color: #232323;\">Alimentaci\u00f3n, salud f\u00edsica y mental, espacios de expansi\u00f3n de conciencia y espiritual, t\u00e9cnicas de respiraci\u00f3n y control de estr\u00e9s, inteligencia emocional, neuroliderazgo y neurociencias aplicadas, enfoque de g\u00e9nero, l\u00ednea 01800 de soporte y apoyo, comunicaci\u00f3n interna y bienestar.<\/span>[\/vc_column_text][\/vc_column][vc_column width=\u00bb1\/3&#8243;][\/vc_column][\/vc_row][vc_row css=\u00bb.vc_custom_1498469196698{padding-top: 60px !important;padding-bottom: 40px !important;}\u00bb][vc_column][vc_custom_heading text=\u00bbBENEFICIOS DE NUESTRO PROGRAMA DE WELLNESS\u00bb font_container=\u00bbtag:h2|text_align:center|color:%2334696c\u00bb google_fonts=\u00bbfont_family:Lato%3A100%2C100italic%2C300%2C300italic%2Cregular%2Citalic%2C700%2C700italic%2C900%2C900italic|font_style:700%20bold%20regular%3A700%3Anormal\u00bb][vc_row_inner css=\u00bb.vc_custom_1498467219975{padding-top: 50px !important;}\u00bb][vc_column_inner width=\u00bb1\/6&#8243;][vc_column_text]<span style=\"color: #484848;\">Los resultados de los colaboradores son inmediatos:<\/span>[\/vc_column_text][\/vc_column_inner][vc_column_inner width=\u00bb1\/6&#8243;][vc_icon type=\u00bblinecons\u00bb icon_linecons=\u00bbvc_li vc_li-settings\u00bb color=\u00bbcustom\u00bb size=\u00bblg\u00bb align=\u00bbcenter\u00bb custom_color=\u00bb#40938b\u00bb][vc_column_text]<\/p>\n<p style=\"text-align: center;\"><strong><span style=\"color: #008080;\">AUMENTA<\/span> la concentraci\u00f3n<\/strong><\/p>\n<p>[\/vc_column_text][\/vc_column_inner][vc_column_inner width=\u00bb1\/6&#8243;][vc_icon type=\u00bblinecons\u00bb icon_linecons=\u00bbvc_li vc_li-paperplane\u00bb color=\u00bbcustom\u00bb size=\u00bblg\u00bb align=\u00bbcenter\u00bb custom_color=\u00bb#40938b\u00bb][vc_column_text]<\/p>\n<p style=\"text-align: center;\"><strong><span style=\"color: #008080;\">MEJORA<\/span> la toma de decisiones<br \/>\n<\/strong>[\/vc_column_text][\/vc_column_inner][vc_column_inner width=\u00bb1\/6&#8243;][vc_icon type=\u00bblinecons\u00bb color=\u00bbcustom\u00bb size=\u00bblg\u00bb align=\u00bbcenter\u00bb custom_color=\u00bb#40938b\u00bb][vc_column_text]<\/p>\n<p style=\"text-align: center;\"><strong><span style=\"color: #008080;\">REDUCE<\/span> el estr\u00e9s<br \/>\n<\/strong>[\/vc_column_text][\/vc_column_inner][vc_column_inner width=\u00bb1\/6&#8243;][vc_icon type=\u00bblinecons\u00bb icon_linecons=\u00bbvc_li vc_li-search\u00bb color=\u00bbcustom\u00bb size=\u00bblg\u00bb align=\u00bbcenter\u00bb custom_color=\u00bb#40938b\u00bb][vc_column_text]<\/p>\n<p style=\"text-align: center;\"><strong><span style=\"color: #008080;\">DISMINUYE<\/span> las relaciones no saludables<br \/>\n<\/strong>[\/vc_column_text][\/vc_column_inner][vc_column_inner width=\u00bb1\/6&#8243;][vc_icon type=\u00bblinecons\u00bb icon_linecons=\u00bbvc_li vc_li-star\u00bb color=\u00bbcustom\u00bb size=\u00bblg\u00bb align=\u00bbcenter\u00bb custom_color=\u00bb#40938b\u00bb][vc_column_text]<\/p>\n<p style=\"text-align: center;\"><strong><span style=\"color: #008080;\">IMPACTA<\/span> en la productividad<br \/>\n<\/strong>[\/vc_column_text][\/vc_column_inner][\/vc_row_inner][\/vc_column][\/vc_row][vc_row row_fullwidth=\u00bbyes\u00bb parallax_class=\u00bbyes\u00bb css=\u00bb.vc_custom_1498468616022{padding-top: 50px !important;padding-bottom: 50px !important;background-image: url(http:\/\/www.liderarte.com.mx\/oldsite\/wp-content\/uploads\/2017\/06\/back_resultados.jpg?id=2852) !important;}\u00bb][vc_column width=\u00bb2\/3&#8243;][vc_row_inner css=\u00bb.vc_custom_1498469049172{padding-left: 50px !important;}\u00bb][vc_column_inner width=\u00bb1\/2&#8243;][vc_custom_heading text=\u00bbLOS RESULTADOS SE REFLEJAN EN:\u00bb font_container=\u00bbtag:h2|text_align:left|color:%23ffffff\u00bb google_fonts=\u00bbfont_family:Lato%3A100%2C100italic%2C300%2C300italic%2Cregular%2Citalic%2C700%2C700italic%2C900%2C900italic|font_style:700%20bold%20regular%3A700%3Anormal\u00bb][vc_column_text css=\u00bb.vc_custom_1498469078489{padding-top: 30px !important;}\u00bb]<\/p>\n<h3><span style=\"color: #ffffff;\"><strong>\u00c1MBITO LABORAL<\/strong><\/span><\/h3>\n<ul>\n<li><span style=\"color: #ffffff;\">Ayuda a la concentraci\u00f3n e intelecto traduci\u00e9ndose en una mayor productividad y calidad laboral<\/span><\/li>\n<li><span style=\"color: #ffffff;\">Previene y controla el estr\u00e9s<\/span><\/li>\n<li><span style=\"color: #ffffff;\">Elimina el sedentarismo y tensiones f\u00edsicas a lo largo de las jornadas laborales<\/span><\/li>\n<li><span style=\"color: #ffffff;\">Aumenta la capacidad organizacional<\/span><\/li>\n<\/ul>\n<p>[\/vc_column_text][\/vc_column_inner][vc_column_inner width=\u00bb1\/2&#8243;][vc_column_text css=\u00bb.vc_custom_1498469111259{padding-top: 30px !important;}\u00bb]<\/p>\n<h3><span style=\"color: #ffffff;\"><strong>SALUD<\/strong><\/span><\/h3>\n<p>&nbsp;<\/p>\n<ul>\n<li><span style=\"color: #ffffff;\">Favorece la armon\u00eda familiar y profesional<\/span><\/li>\n<li><span style=\"color: #ffffff;\">Reduce la tensi\u00f3n f\u00edsica, mental y emocional<\/span><\/li>\n<li><span style=\"color: #ffffff;\">Combate el insomnio<\/span><\/li>\n<li><span style=\"color: #ffffff;\">Mejora el humor<\/span><\/li>\n<li><span style=\"color: #ffffff;\">Incrementa la flexibilidad y la fuerza f\u00edsica<\/span><\/li>\n<li><span style=\"color: #ffffff;\">Aumenta la capacidad del sistemas inmunol\u00f3gico ayudando a prevenir enfermedades<\/span><\/li>\n<li><span style=\"color: #ffffff;\">Mejora el sistema cardiovascular y respiratorio<\/span><\/li>\n<\/ul>\n<p>[\/vc_column_text][\/vc_column_inner][\/vc_row_inner][\/vc_column][vc_column width=\u00bb1\/3&#8243;][\/vc_column][\/vc_row][vc_row full_width=\u00bbstretch_row_content\u00bb row_fullwidth=\u00bbyes\u00bb parallax_class=\u00bbyes\u00bb css=\u00bb.vc_custom_1498473293946{padding-top: 40px !important;padding-bottom: 40px !important;}\u00bb][vc_column width=\u00bb1\/2&#8243; css=\u00bb.vc_custom_1498473183861{padding-right: 50px !important;padding-left: 50px !important;}\u00bb][vc_custom_heading text=\u00bbNUESTRO PROCESO:\u00bb font_container=\u00bbtag:h2|text_align:center|color:%2340938b\u00bb google_fonts=\u00bbfont_family:Lato%3A100%2C100italic%2C300%2C300italic%2Cregular%2Citalic%2C700%2C700italic%2C900%2C900italic|font_style:700%20bold%20regular%3A700%3Anormal\u00bb css=\u00bb.vc_custom_1498472984281{padding-top: 30px !important;padding-bottom: 30px !important;}\u00bb][vc_column_text]<\/p>\n<ul>\n<li><span style=\"color: #232323;\">Identificaremos riesgos y sugerir\u00e9mos acciones personalizadas<\/span><\/li>\n<li><span style=\"color: #232323;\">Pensamos en el bienestar de su organizaci\u00f3n como una estrategia de negocio<\/span><\/li>\n<li><span style=\"color: #232323;\">Garantizamos la satisfacci\u00f3n de los participantes<\/span><\/li>\n<li><span style=\"color: #232323;\">Su empresa gastar\u00e1 menos en problemas de salud<\/span><\/li>\n<li><span style=\"color: #232323;\">Tendr\u00e1 una organizaci\u00f3n m\u00e1s balanceada<\/span><\/li>\n<li><span style=\"color: #232323;\">Propondr\u00e9mos para sus colaboradores programas integrales de bienestar para fortalecer la estabilidad mental, f\u00edsica y emocional<\/span><\/li>\n<li><span style=\"color: #232323;\">Aumentar\u00e1 el compromiso, la capacidad de organizaci\u00f3n, ejecuci\u00f3n y coordinaci\u00f3n<\/span><\/li>\n<\/ul>\n<p>[\/vc_column_text][\/vc_column][vc_column width=\u00bb1\/2&#8243; css=\u00bb.vc_custom_1498473193989{padding-right: 50px !important;padding-left: 50px !important;}\u00bb][vc_custom_heading text=\u00bb\u00c1REAS DE EXPERIENCIA:\u00bb font_container=\u00bbtag:h2|text_align:center|color:%2340938b\u00bb google_fonts=\u00bbfont_family:Lato%3A100%2C100italic%2C300%2C300italic%2Cregular%2Citalic%2C700%2C700italic%2C900%2C900italic|font_style:700%20bold%20regular%3A700%3Anormal\u00bb css=\u00bb.vc_custom_1498473012138{padding-top: 30px !important;padding-bottom: 30px !important;}\u00bb][vc_column_text]<\/p>\n<ul>\n<li><span style=\"color: #232323;\">High performance coaching<\/span><\/li>\n<li><span style=\"color: #232323;\">High performance leadership<\/span><\/li>\n<li><span style=\"color: #232323;\">Desarrollo de cultura organizacional<\/span><\/li>\n<li><span style=\"color: #232323;\">Desarrollo personal, carrera de vida<\/span><\/li>\n<li><span style=\"color: #232323;\">Wellness organizacional<\/span><\/li>\n<li><span style=\"color: #232323;\">PAE &#8211; Programa de Asistencia al Empleado con consejer\u00eda psicol\u00f3gica telef\u00f3nica<\/span><\/li>\n<li><span style=\"color: #232323;\">Nutrici\u00f3n<\/span><\/li>\n<li><span style=\"color: #232323;\">Gesti\u00f3n de la salud<\/span><\/li>\n<li><span style=\"color: #232323;\">Respiraci\u00f3n consciente<\/span><\/li>\n<li><span style=\"color: #232323;\">Yoga y meditaci\u00f3n<\/span><\/li>\n<li><span style=\"color: #232323;\">Manejo de emociones<\/span><\/li>\n<\/ul>\n<p>[\/vc_column_text][\/vc_column][\/vc_row][vc_row row_fullwidth=\u00bbyes\u00bb parallax_class=\u00bbyes\u00bb css=\u00bb.vc_custom_1498472665880{padding-top: 50px !important;padding-bottom: 40px !important;padding-left: 50px !important;background-image: url(http:\/\/www.liderarte.com.mx\/oldsite\/wp-content\/uploads\/2017\/06\/back_prana33.jpg?id=2861) !important;}\u00bb][vc_column width=\u00bb1\/3&#8243;][vc_custom_heading text=\u00bbPRAN\u00c4 33&#8243; font_container=\u00bbtag:p|font_size:72px|text_align:left|color:%23ffffff\u00bb google_fonts=\u00bbfont_family:Lato%3A100%2C100italic%2C300%2C300italic%2Cregular%2Citalic%2C700%2C700italic%2C900%2C900italic|font_style:900%20bold%20regular%3A900%3Anormal\u00bb css=\u00bb.vc_custom_1498472547903{padding-top: 30px !important;padding-bottom: 30px !important;}\u00bb][vc_custom_heading text=\u00bb33 D\u00cdAS 33 MINUTOS\u00bb font_container=\u00bbtag:h2|font_size:50px|text_align:left|color:%23ffffff\u00bb google_fonts=\u00bbfont_family:Lato%3A100%2C100italic%2C300%2C300italic%2Cregular%2Citalic%2C700%2C700italic%2C900%2C900italic|font_style:700%20bold%20regular%3A700%3Anormal\u00bb css=\u00bb.vc_custom_1498472653369{padding-top: 30px !important;padding-bottom: 30px !important;}\u00bb][vc_separator border_width=\u00bb3&#8243; css=\u00bb.vc_custom_1498472173449{padding-top: 30px !important;padding-bottom: 30px !important;}\u00bb][vc_column_text]<\/p>\n<h2><span style=\"color: #ffffff;\">CADA D\u00cdA UNA INTENCI\u00d3N, UNA MET\u00c1FORA, UNA PR\u00c1CTICA, UNA ACCI\u00d3N Y UN\u00a0 APRENDIZAJE.<\/span><\/h2>\n<p>[\/vc_column_text][vc_separator border_width=\u00bb3&#8243; css=\u00bb.vc_custom_1498472173449{padding-top: 30px !important;padding-bottom: 30px !important;}\u00bb][\/vc_column][vc_column width=\u00bb1\/3&#8243;][\/vc_column][vc_column width=\u00bb1\/3&#8243;][\/vc_column][\/vc_row][vc_row full_width=\u00bbstretch_row_content_no_spaces\u00bb content_placement=\u00bbmiddle\u00bb row_fullwidth=\u00bbyes\u00bb][vc_column][vc_column_text css=\u00bb.vc_custom_1705622261442{padding-top: 50px !important;}\u00bb]<\/p>\n<div class=\"company-name\">\n<h1 class=\"font2\" style=\"text-align: center;\"><span style=\"color: #40938b;\">CONT\u00c1CTANOS<\/span><\/h1>\n<h1 class=\"font2\" style=\"text-align: center;\"><\/h1>\n<div class=\"company-name\">\n<h1 class=\"font2\" style=\"text-align: center;\">M\u00e9xico<\/h1>\n<\/div>\n<div class=\"company-add\" style=\"text-align: center;\">\n<h4 class=\"font1\">+52 55 3216 7047<\/h4>\n<\/div>\n<div class=\"company-name\" style=\"text-align: center;\">\n<h1 class=\"font2\">Argentina<\/h1>\n<\/div>\n<div class=\"company-add\">\n<h4 class=\"font1\" style=\"text-align: center;\">+ 54 9 11 5182-9300<\/h4>\n<\/div>\n<\/div>\n<h3 class=\"company-mail\" style=\"text-align: center;\"><a class=\"font3\" href=\"mailto:contacto@liderarte.com.mx\">contacto@liderarte.com.mx<\/a><\/h3>\n<p>[\/vc_column_text][\/vc_column][\/vc_row][vc_row row_fullwidth=\u00bbyes\u00bb parallax_class=\u00bbyes\u00bb css=\u00bb.vc_custom_1498462846640{padding-top: 100px !important;padding-bottom: 100px !important;background-image: url(http:\/\/www.liderarte.com.mx\/oldsite\/wp-content\/uploads\/2017\/06\/back_contact.jpg?id=2838) !important;}\u00bb][vc_column width=\u00bb1\/3&#8243;][\/vc_column][vc_column width=\u00bb1\/3&#8243; css=\u00bb.vc_custom_1705622354957{padding-right: 20px !important;padding-left: 20px !important;background-color: #ffffff !important;}\u00bb]<style id=\"wpforms-css-vars-18603\">\n\t\t\t\t#wpforms-18603 {\n\t\t\t\t\n\t\t\t}\n\t\t\t<\/style><div class=\"wpforms-container wpforms-container-full wpforms-render-modern\" id=\"wpforms-18603\"><form id=\"wpforms-form-18603\" class=\"wpforms-validate wpforms-form wpforms-ajax-form\" data-formid=\"18603\" method=\"post\" enctype=\"multipart\/form-data\" action=\"\/oldsite\/wp-json\/wp\/v2\/pages\/2818\" data-token=\"875c5e285f33b5bd94a2d42ca9ee9d58\" data-token-time=\"1777733938\"><noscript class=\"wpforms-error-noscript\">Por favor, activa JavaScript en tu navegador para completar este formulario.<\/noscript><div id=\"wpforms-error-noscript\" style=\"display: none;\">Por favor, activa JavaScript en tu navegador para completar este formulario.<\/div><div class=\"wpforms-field-container\"><div id=\"wpforms-18603-field_0-container\" class=\"wpforms-field wpforms-field-name\" data-field-id=\"0\"><label class=\"wpforms-field-label\" for=\"wpforms-18603-field_0\">Nombre <span class=\"wpforms-required-label\" aria-hidden=\"true\">*<\/span><\/label><input type=\"text\" id=\"wpforms-18603-field_0\" class=\"wpforms-field-medium wpforms-field-required\" name=\"wpforms[fields][0]\" aria-errormessage=\"wpforms-18603-field_0-error\" required><\/div><div id=\"wpforms-18603-field_1-container\" class=\"wpforms-field wpforms-field-email\" data-field-id=\"1\"><label class=\"wpforms-field-label\" for=\"wpforms-18603-field_1\">Correo electr\u00f3nico <span class=\"wpforms-required-label\" aria-hidden=\"true\">*<\/span><\/label><input type=\"email\" id=\"wpforms-18603-field_1\" class=\"wpforms-field-medium wpforms-field-required\" name=\"wpforms[fields][1]\" spellcheck=\"false\" aria-errormessage=\"wpforms-18603-field_1-error\" required><\/div><div id=\"wpforms-18603-field_3-container\" class=\"wpforms-field wpforms-field-text\" data-field-id=\"3\"><label class=\"wpforms-field-label\" for=\"wpforms-18603-field_3\">Pa\u00eds <span class=\"wpforms-required-label\" aria-hidden=\"true\">*<\/span><\/label><input type=\"text\" id=\"wpforms-18603-field_3\" class=\"wpforms-field-medium wpforms-field-required\" name=\"wpforms[fields][3]\" aria-errormessage=\"wpforms-18603-field_3-error\" required><\/div><div id=\"wpforms-18603-field_2-container\" class=\"wpforms-field wpforms-field-textarea\" data-field-id=\"2\"><label class=\"wpforms-field-label\" for=\"wpforms-18603-field_2\">Comentario o mensaje <span class=\"wpforms-required-label\" aria-hidden=\"true\">*<\/span><\/label><textarea id=\"wpforms-18603-field_2\" class=\"wpforms-field-medium wpforms-field-required\" name=\"wpforms[fields][2]\" aria-errormessage=\"wpforms-18603-field_2-error\" required><\/textarea><\/div><\/div><!-- .wpforms-field-container --><div class=\"wpforms-submit-container\" ><input type=\"hidden\" name=\"wpforms[id]\" value=\"18603\"><input type=\"hidden\" name=\"page_title\" value=\"\"><input type=\"hidden\" name=\"page_url\" value=\"https:\/\/www.liderarte.com.mx\/oldsite\/wp-json\/wp\/v2\/pages\/2818\"><input type=\"hidden\" name=\"url_referer\" value=\"\"><button type=\"submit\" name=\"wpforms[submit]\" id=\"wpforms-submit-18603\" class=\"wpforms-submit\" data-alt-text=\"Enviando...\" data-submit-text=\"Enviar\" aria-live=\"assertive\" value=\"wpforms-submit\">Enviar<\/button><img loading=\"lazy\" decoding=\"async\" src=\"https:\/\/www.liderarte.com.mx\/oldsite\/wp-content\/plugins\/wpforms-lite\/assets\/images\/submit-spin.svg\" class=\"wpforms-submit-spinner\" style=\"display: none;\" width=\"26\" height=\"26\" alt=\"Cargando\"><\/div><\/form><\/div>  <!-- .wpforms-container -->[\/vc_column][vc_column width=\u00bb1\/3&#8243;][\/vc_column][\/vc_row]<\/p>\n<\/div>","protected":false},"excerpt":{"rendered":"<p>[vc_row full_width=\u00bbstretch_row_content_no_spaces\u00bb row_fullwidth=\u00bbyes\u00bb css=\u00bb.vc_custom_1498460202388{background-color: #40938b !important;}\u00bb][vc_column][vc_column_text css=\u00bb.vc_custom_1498467796230{padding-top: 50px !important;padding-bottom: 50px !important;}\u00bb] MAXIMICE LA PRODUCTIVIDAD DE SU EMPRESA, gestionando el desempe\u00f1o de equipos multidisciplinarios. [\/vc_column_text][\/vc_column][\/vc_row][vc_row][vc_column][vc_column_text css=\u00bb.vc_custom_1498468131310{padding-top: 50px !important;padding-right: 60px !important;padding-bottom: 40px !important;padding-left: 60px !important;}\u00bb] Intervenimos en el \u201cLifestyle Management\u201d con servicios de alto impacto en la calidad de vida de la organizaci\u00f3n, haci\u00e9ndolo SIMPLE y entendiendo [&hellip;]<\/p>\n","protected":false},"author":1,"featured_media":0,"parent":0,"menu_order":0,"comment_status":"closed","ping_status":"closed","template":"template-landingpage.php","meta":{"footnotes":""},"class_list":["post-2818","page","type-page","status-publish","hentry"],"_links":{"self":[{"href":"https:\/\/www.liderarte.com.mx\/oldsite\/wp-json\/wp\/v2\/pages\/2818","targetHints":{"allow":["GET"]}}],"collection":[{"href":"https:\/\/www.liderarte.com.mx\/oldsite\/wp-json\/wp\/v2\/pages"}],"about":[{"href":"https:\/\/www.liderarte.com.mx\/oldsite\/wp-json\/wp\/v2\/types\/page"}],"author":[{"embeddable":true,"href":"https:\/\/www.liderarte.com.mx\/oldsite\/wp-json\/wp\/v2\/users\/1"}],"replies":[{"embeddable":true,"href":"https:\/\/www.liderarte.com.mx\/oldsite\/wp-json\/wp\/v2\/comments?post=2818"}],"version-history":[{"count":33,"href":"https:\/\/www.liderarte.com.mx\/oldsite\/wp-json\/wp\/v2\/pages\/2818\/revisions"}],"predecessor-version":[{"id":18613,"href":"https:\/\/www.liderarte.com.mx\/oldsite\/wp-json\/wp\/v2\/pages\/2818\/revisions\/18613"}],"wp:attachment":[{"href":"https:\/\/www.liderarte.com.mx\/oldsite\/wp-json\/wp\/v2\/media?parent=2818"}],"curies":[{"name":"wp","href":"https:\/\/api.w.org\/{rel}","templated":true}]}}