{"id":2797,"date":"2017-05-26T21:35:20","date_gmt":"2017-05-26T21:35:20","guid":{"rendered":"http:\/\/www.liderarte.com.mx\/oldsite\/?page_id=2797"},"modified":"2017-05-29T16:27:34","modified_gmt":"2017-05-29T16:27:34","slug":"lego-serious-play","status":"publish","type":"page","link":"https:\/\/www.liderarte.com.mx\/oldsite\/lego-serious-play\/","title":{"rendered":"LEGO\u00ae SERIOUS PLAY\u00ae"},"content":{"rendered":"<div class=\"wpb-content-wrapper\"><p>[vc_row][vc_column][vc_column_text]<\/p>\n<h2>Construye un mejor negocio<\/h2>\n<h2>Construye un mejor equipo<\/h2>\n<h2>Construye tu mejor versi\u00f3n<\/h2>\n<h4>Una poderosa herramienta designada para mejorar el desempe\u00f1o de los negocios, del equipo y de las personas.<\/h4>\n<h4>Transforma el conocimiento que ya est\u00e1 disponible en los equipos para consolidar estrategias, comunicar la visi\u00f3n, trazar planes, explorar modelos de negocios, mirar una situaci\u00f3n en tercera dimensi\u00f3n y hacer conexiones.<\/h4>\n<h4>Disciplinas como las \u00a0neurociencias \u201c hands on -minds on\u201d, el poder de las met\u00e1foras, los di\u00e1logos efectivos y la exploraci\u00f3n de significados son parte de su base metodolog\u00edca.<\/h4>\n<p>&nbsp;<\/p>\n<h4><strong>Aplicaciones para grandes grupos:<\/strong><\/h4>\n<h4>Eventos para grupos de m\u00e1s de 100 personas que incluyen salones, alimentos y material para comunicar de manera poderosa las estrategias y utilizar la din\u00e1mica como un catalizador del nivel de comprensi\u00f3n.<\/h4>\n<ul>\n<li>Compartir la visi\u00f3n<\/li>\n<li>Definir Must Win Battles<\/li>\n<li>Crear y comunicar visi\u00f3n, misi\u00f3n y valores<\/li>\n<li>Alineaci\u00f3n estrat\u00e9gica<\/li>\n<li>Definir planes de acci\u00f3n<\/li>\n<li>Exploraci\u00f3n de problemas y situaciones<\/li>\n<li>Dise\u00f1o de futuros<\/li>\n<li>Asegurar la comprensi\u00f3n sobre temas complejos<\/li>\n<li>Sensibilizar<\/li>\n<\/ul>\n<p>[\/vc_column_text][vc_row_inner][vc_column_inner width=\u00bb1\/2&#8243;][vc_single_image image=\u00bb2799&#8243; img_size=\u00bbfull\u00bb][\/vc_column_inner][vc_column_inner width=\u00bb1\/2&#8243;][vc_single_image image=\u00bb2800&#8243; img_size=\u00bbfull\u00bb][\/vc_column_inner][\/vc_row_inner][vc_row_inner][vc_column_inner][vc_single_image image=\u00bb2802&#8243; img_size=\u00bbfull\u00bb][vc_single_image image=\u00bb2801&#8243; img_size=\u00bbfull\u00bb][\/vc_column_inner][\/vc_row_inner][vc_row_inner][vc_column_inner width=\u00bb1\/3&#8243;][vc_single_image image=\u00bb2280&#8243; img_size=\u00bbfull\u00bb][\/vc_column_inner][vc_column_inner width=\u00bb1\/3&#8243;][vc_single_image image=\u00bb2279&#8243; img_size=\u00bbfull\u00bb][\/vc_column_inner][vc_column_inner width=\u00bb1\/3&#8243;][vc_single_image image=\u00bb2278&#8243; img_size=\u00bbfull\u00bb][\/vc_column_inner][\/vc_row_inner][\/vc_column][\/vc_row]<\/p>\n<\/div>","protected":false},"excerpt":{"rendered":"<p>[vc_row][vc_column][vc_column_text] Construye un mejor negocio Construye un mejor equipo Construye tu mejor versi\u00f3n Una poderosa herramienta designada para mejorar el desempe\u00f1o de los negocios, del equipo y de las personas. Transforma el conocimiento que ya est\u00e1 disponible en los equipos para consolidar estrategias, comunicar la visi\u00f3n, trazar planes, explorar modelos de negocios, mirar una situaci\u00f3n [&hellip;]<\/p>\n","protected":false},"author":1,"featured_media":0,"parent":0,"menu_order":0,"comment_status":"closed","ping_status":"closed","template":"","meta":{"footnotes":""},"class_list":["post-2797","page","type-page","status-publish","hentry"],"_links":{"self":[{"href":"https:\/\/www.liderarte.com.mx\/oldsite\/wp-json\/wp\/v2\/pages\/2797","targetHints":{"allow":["GET"]}}],"collection":[{"href":"https:\/\/www.liderarte.com.mx\/oldsite\/wp-json\/wp\/v2\/pages"}],"about":[{"href":"https:\/\/www.liderarte.com.mx\/oldsite\/wp-json\/wp\/v2\/types\/page"}],"author":[{"embeddable":true,"href":"https:\/\/www.liderarte.com.mx\/oldsite\/wp-json\/wp\/v2\/users\/1"}],"replies":[{"embeddable":true,"href":"https:\/\/www.liderarte.com.mx\/oldsite\/wp-json\/wp\/v2\/comments?post=2797"}],"version-history":[{"count":7,"href":"https:\/\/www.liderarte.com.mx\/oldsite\/wp-json\/wp\/v2\/pages\/2797\/revisions"}],"predecessor-version":[{"id":2815,"href":"https:\/\/www.liderarte.com.mx\/oldsite\/wp-json\/wp\/v2\/pages\/2797\/revisions\/2815"}],"wp:attachment":[{"href":"https:\/\/www.liderarte.com.mx\/oldsite\/wp-json\/wp\/v2\/media?parent=2797"}],"curies":[{"name":"wp","href":"https:\/\/api.w.org\/{rel}","templated":true}]}}