{"id":2192,"date":"2015-07-21T11:48:37","date_gmt":"2015-07-21T11:48:37","guid":{"rendered":"http:\/\/www.liderarte.com.mx\/oldsite\/?page_id=2192"},"modified":"2019-10-12T05:53:30","modified_gmt":"2019-10-12T05:53:30","slug":"transformacion-de-equipos","status":"publish","type":"page","link":"https:\/\/www.liderarte.com.mx\/oldsite\/transformacion-de-equipos\/","title":{"rendered":"Transformaci\u00f3n de Equipos"},"content":{"rendered":"<p><strong>TEAM TRANSFORMATION<\/strong><\/p>\n<p>&nbsp;<\/p>\n<p>&#8211; TEAM BUILDING \/ OUTDOORS<\/p>\n<p>&#8211; TEAM COACHING<\/p>\n<p>&#8211; LEGO SERIOUS PLAY<\/p>\n<p>&#8211; JORNADAS DE REFLEXI\u00d3N<\/p>\n<p>&#8211; EAT EQUIPOS DE ALTO DESEMPE\u00d1O<\/p>\n<p>&#8211; EQUIPOS DE VENTAS EXITOSOS<\/p>\n<p>&#8211; SOLUCI\u00d3N CREATIVA DE PROBLEMAS<\/p>\n","protected":false},"excerpt":{"rendered":"<p>TEAM TRANSFORMATION &nbsp; &#8211; TEAM BUILDING \/ OUTDOORS &#8211; TEAM COACHING &#8211; LEGO SERIOUS PLAY &#8211; JORNADAS DE REFLEXI\u00d3N &#8211; EAT EQUIPOS DE ALTO DESEMPE\u00d1O &#8211; EQUIPOS DE VENTAS EXITOSOS &#8211; SOLUCI\u00d3N CREATIVA DE PROBLEMAS<\/p>\n","protected":false},"author":1,"featured_media":0,"parent":0,"menu_order":0,"comment_status":"closed","ping_status":"closed","template":"","meta":{"footnotes":""},"class_list":["post-2192","page","type-page","status-publish","hentry"],"_links":{"self":[{"href":"https:\/\/www.liderarte.com.mx\/oldsite\/wp-json\/wp\/v2\/pages\/2192","targetHints":{"allow":["GET"]}}],"collection":[{"href":"https:\/\/www.liderarte.com.mx\/oldsite\/wp-json\/wp\/v2\/pages"}],"about":[{"href":"https:\/\/www.liderarte.com.mx\/oldsite\/wp-json\/wp\/v2\/types\/page"}],"author":[{"embeddable":true,"href":"https:\/\/www.liderarte.com.mx\/oldsite\/wp-json\/wp\/v2\/users\/1"}],"replies":[{"embeddable":true,"href":"https:\/\/www.liderarte.com.mx\/oldsite\/wp-json\/wp\/v2\/comments?post=2192"}],"version-history":[{"count":1,"href":"https:\/\/www.liderarte.com.mx\/oldsite\/wp-json\/wp\/v2\/pages\/2192\/revisions"}],"predecessor-version":[{"id":2193,"href":"https:\/\/www.liderarte.com.mx\/oldsite\/wp-json\/wp\/v2\/pages\/2192\/revisions\/2193"}],"wp:attachment":[{"href":"https:\/\/www.liderarte.com.mx\/oldsite\/wp-json\/wp\/v2\/media?parent=2192"}],"curies":[{"name":"wp","href":"https:\/\/api.w.org\/{rel}","templated":true}]}}