{"id":17313,"date":"2023-03-29T06:17:02","date_gmt":"2023-03-29T06:17:02","guid":{"rendered":"http:\/\/www.liderarte.com.mx\/oldsite\/?page_id=17313"},"modified":"2023-03-29T17:06:41","modified_gmt":"2023-03-29T17:06:41","slug":"mariana-mendoza-tapia","status":"publish","type":"page","link":"https:\/\/www.liderarte.com.mx\/oldsite\/mariana-mendoza-tapia\/","title":{"rendered":"Mariana Mendoza Tapia"},"content":{"rendered":"<div class=\"wpb-content-wrapper\"><p>[vc_row][vc_column][vc_row_inner][vc_column_inner][vc_single_image image=\u00bb17360&#8243; img_size=\u00bbmedium\u00bb][\/vc_column_inner][\/vc_row_inner][\/vc_column][\/vc_row][vc_row][vc_column][vc_column_text]<span style=\"color: #000000;\">Mariana cuenta con m\u00e1s de 19 a\u00f1os de experiencia en corporaciones nacionales e internacionales de diferentes giros,\u00a0 en todas las \u00e1reas de Recursos Humanos, lo que le ha permitido contribuir de manera integral en cada proyecto transformacional del que ha sido parte, durante fusiones y cambios organizacionales.<\/span><\/p>\n<p><span style=\"color: #000000;\">Su experiencia y desarrollo en el \u00e1mbito de la consultor\u00eda le ha permitido ser parte de proyectos importantes para el desarrollo de ejecutivos potenciando sus habilidades y descubrimiento de su capacidad de transformaci\u00f3n y aportaci\u00f3n a trav\u00e9s del\u00a0 dise\u00f1o y cumplimiento de sus prop\u00f3sitos.<\/span><\/p>\n<p><span style=\"color: #000000;\">Tiene experiencia como conferencista y facilitadora, docente formadora de <i>coaches<\/i> y ponente, lo que le ha permitido resaltar lo importante que es la capacidad de la gente para construir y crear, creyendo firmemente en que la suma de pasiones y talentos siempre permitir\u00e1 la trascendencia, respetando y siendo parte del ecosistema organizacional y el equilibrio integral.<\/span><\/p>\n<p><span style=\"color: #000000;\">Consultora en reestrucutras, desarrollo organizacional y cultura, con experiencia en desempe\u00f1o y transformaci\u00f3n.<\/span><\/p>\n<p><span style=\"color: #000000;\"><b>Educaci\u00f3n<\/b><\/span><\/p>\n<ul>\n<li><span style=\"color: #000000;\">Lic en Administraci\u00f3n, especialista en RH<\/span><\/li>\n<li><span style=\"color: #000000;\">Maestr\u00eda en Liderazgo Positivo (en proceso)<\/span><\/li>\n<\/ul>\n<p>&nbsp;<\/p>\n<p><span style=\"color: #000000;\"><b>Certificaciones y Entrenamientos<\/b><\/span><\/p>\n<ul>\n<li><span style=\"color: #000000;\">Coach Ontol\u00f3gico con aplicaci\u00f3n organizacional \u2013 ILA Coaching<\/span><\/li>\n<li><span style=\"color: #000000;\">Coach Ejecutiva \u2013 Liderarte Performance &amp; Coaching<\/span><\/li>\n<li><span style=\"color: #000000;\">Entrenamiento de Inteligencia Emocional Daniel Goleman.<\/span><\/li>\n<li><span style=\"color: #000000;\">Interpretaci\u00f3n de pruebas INNERMETRIX<\/span><\/li>\n<\/ul>\n<p>&nbsp;<\/p>\n<p><b>\u00c1REAS DE EXPERIENCIA<\/b><\/p>\n<p><b>Experta en formaci\u00f3n, Desarrollo Organizacional y Change Management con m\u00e1s de 19 a\u00f1os de experiencia. <\/b><b>Wellness<\/b><b>, Capacitaci\u00f3n y selecci\u00f3n por competencias de\u00a0 Talento Humano.<\/b>[\/vc_column_text][\/vc_column][\/vc_row][vc_row][vc_column][vc_separator css=\u00bb.vc_custom_1680067610241{padding-top: 20px !important;padding-bottom: 20px !important;}\u00bb][\/vc_column][\/vc_row]<\/p>\n<\/div>","protected":false},"excerpt":{"rendered":"<p>[vc_row][vc_column][vc_row_inner][vc_column_inner][vc_single_image image=\u00bb17360&#8243; img_size=\u00bbmedium\u00bb][\/vc_column_inner][\/vc_row_inner][\/vc_column][\/vc_row][vc_row][vc_column][vc_column_text]Mariana cuenta con m\u00e1s de 19 a\u00f1os de experiencia en corporaciones nacionales e internacionales de diferentes giros,\u00a0 en todas las \u00e1reas de Recursos Humanos, lo que le ha permitido contribuir de manera integral en cada proyecto transformacional del que ha sido parte, durante fusiones y cambios organizacionales. Su experiencia y desarrollo en el [&hellip;]<\/p>\n","protected":false},"author":1,"featured_media":0,"parent":0,"menu_order":0,"comment_status":"closed","ping_status":"closed","template":"","meta":{"footnotes":""},"class_list":["post-17313","page","type-page","status-publish","hentry"],"_links":{"self":[{"href":"https:\/\/www.liderarte.com.mx\/oldsite\/wp-json\/wp\/v2\/pages\/17313","targetHints":{"allow":["GET"]}}],"collection":[{"href":"https:\/\/www.liderarte.com.mx\/oldsite\/wp-json\/wp\/v2\/pages"}],"about":[{"href":"https:\/\/www.liderarte.com.mx\/oldsite\/wp-json\/wp\/v2\/types\/page"}],"author":[{"embeddable":true,"href":"https:\/\/www.liderarte.com.mx\/oldsite\/wp-json\/wp\/v2\/users\/1"}],"replies":[{"embeddable":true,"href":"https:\/\/www.liderarte.com.mx\/oldsite\/wp-json\/wp\/v2\/comments?post=17313"}],"version-history":[{"count":3,"href":"https:\/\/www.liderarte.com.mx\/oldsite\/wp-json\/wp\/v2\/pages\/17313\/revisions"}],"predecessor-version":[{"id":17378,"href":"https:\/\/www.liderarte.com.mx\/oldsite\/wp-json\/wp\/v2\/pages\/17313\/revisions\/17378"}],"wp:attachment":[{"href":"https:\/\/www.liderarte.com.mx\/oldsite\/wp-json\/wp\/v2\/media?parent=17313"}],"curies":[{"name":"wp","href":"https:\/\/api.w.org\/{rel}","templated":true}]}}