{"id":17310,"date":"2023-03-29T05:58:43","date_gmt":"2023-03-29T05:58:43","guid":{"rendered":"http:\/\/www.liderarte.com.mx\/oldsite\/?page_id=17310"},"modified":"2023-05-02T18:21:11","modified_gmt":"2023-05-02T18:21:11","slug":"martha-gonzalez-saravia","status":"publish","type":"page","link":"https:\/\/www.liderarte.com.mx\/oldsite\/martha-gonzalez-saravia\/","title":{"rendered":"Martha Gonz\u00e1lez Saravia"},"content":{"rendered":"<div class=\"wpb-content-wrapper\"><p>[vc_row][vc_column][vc_row_inner][vc_column_inner][vc_single_image image=\u00bb17643&#8243; img_size=\u00bbmedium\u00bb][\/vc_column_inner][\/vc_row_inner][\/vc_column][\/vc_row][vc_row][vc_column][vc_column_text]<span style=\"color: #000000;\">Martha a lo largo de sus 11 a\u00f1os como coach, ha colaborado con\u00a0 l\u00edderes y equipos de diferentes industrias\u00a0 para\u00a0 desarrollar en ellos\u00a0 habilidades clave que\u00a0 les ayuden a:<\/span><\/p>\n<ul>\n<li><span style=\"color: #000000;\">Ampliar su visi\u00f3n y relaci\u00f3n con el futuro y sus posibilidades<\/span><\/li>\n<li><span style=\"color: #000000;\">Colaborar en torno a objetivos y prop\u00f3sitos comunes<\/span><\/li>\n<li><span style=\"color: #000000;\">Persuadir e inspirar<\/span><\/li>\n<li><span style=\"color: #000000;\">Reforzar las redes y alianzas para crecer y tener \u00e9xitos compartidos<\/span><\/li>\n<li><span style=\"color: #000000;\">Negociar para ganar-ganar<\/span><\/li>\n<li><span style=\"color: #000000;\">Reconocer y aprovechar su entorno como un espacio de aprendizaje constante<\/span><\/li>\n<li><span style=\"color: #000000;\">Encarar de manera proactiva y entusiasta los retos de la vida diaria<\/span><\/li>\n<li><span style=\"color: #000000;\">Generar conversaciones efectivas para llevar a cabo acuerdos y compromisos<\/span><\/li>\n<li><span style=\"color: #000000;\">No s\u00f3lo adaptarse al cambio, sino elegir ser constructores de un futuro deseado<\/span><\/li>\n<li><span style=\"color: #000000;\">Co-crear espacios emocionales sanos y adecuados para trabajar, convivir y vivir<\/span><\/li>\n<\/ul>\n<p>&nbsp;<\/p>\n<p><span style=\"color: #000000;\">A trav\u00e9s de la auto-observaci\u00f3n, busca que la persona identifique las creencias que lo limitan\u00a0 y abrace un nuevo camino de aprendizaje para lograr resultados que le apasionen.<\/span><\/p>\n<p>&nbsp;<\/p>\n<p><strong><span style=\"color: #000000;\">Certificaciones:<\/span><\/strong><\/p>\n<ul>\n<li><span style=\"color: #000000;\">ABC of Business Coaching &#8211; New Feld Consulting<\/span><\/li>\n<li><span style=\"color: #000000;\">Estrategias de Coaching Ejecutivo &#8211; Liderarte<\/span><\/li>\n<li><span style=\"color: #000000;\">Mastering Coaching Skills -Team Power<\/span><\/li>\n<li><span style=\"color: #000000;\">Beyond Coaching \u2013Team Power y Fernando Flores<\/span><\/li>\n<li><span style=\"color: #000000;\">Diplomado Internacional para Logros Organizacionales<\/span><\/li>\n<li><span style=\"color: #000000;\">Ventas. Ser un Embajador de Posibilidades, Direcci\u00f3n de Ventas<\/span><\/li>\n<li><span style=\"color: #000000;\">Perfiles DISC<\/span><\/li>\n<li><span style=\"color: #000000;\">EQ2 Inteligencia Emocional<\/span><\/li>\n<\/ul>\n<p>&nbsp;<\/p>\n<p><b>\u00c1REAS DE EXPERIENCIA<\/b><\/p>\n<p><strong>Desarrollo de visi\u00f3n, valores y estrategia, coaching ejecutivo, procesos de venta, desarrollo de inteligencia\u00a0 emocional, modelos de negocio, desarrollo personal, cambio de cultura.<\/strong>[\/vc_column_text][\/vc_column][\/vc_row][vc_row][vc_column][vc_separator css=\u00bb.vc_custom_1680067610241{padding-top: 20px !important;padding-bottom: 20px !important;}\u00bb][\/vc_column][\/vc_row]<\/p>\n<\/div>","protected":false},"excerpt":{"rendered":"<p>[vc_row][vc_column][vc_row_inner][vc_column_inner][vc_single_image image=\u00bb17643&#8243; img_size=\u00bbmedium\u00bb][\/vc_column_inner][\/vc_row_inner][\/vc_column][\/vc_row][vc_row][vc_column][vc_column_text]Martha a lo largo de sus 11 a\u00f1os como coach, ha colaborado con\u00a0 l\u00edderes y equipos de diferentes industrias\u00a0 para\u00a0 desarrollar en ellos\u00a0 habilidades clave que\u00a0 les ayuden a: Ampliar su visi\u00f3n y relaci\u00f3n con el futuro y sus posibilidades Colaborar en torno a objetivos y prop\u00f3sitos comunes Persuadir e inspirar Reforzar las [&hellip;]<\/p>\n","protected":false},"author":1,"featured_media":0,"parent":0,"menu_order":0,"comment_status":"closed","ping_status":"closed","template":"","meta":{"footnotes":""},"class_list":["post-17310","page","type-page","status-publish","hentry"],"_links":{"self":[{"href":"https:\/\/www.liderarte.com.mx\/oldsite\/wp-json\/wp\/v2\/pages\/17310","targetHints":{"allow":["GET"]}}],"collection":[{"href":"https:\/\/www.liderarte.com.mx\/oldsite\/wp-json\/wp\/v2\/pages"}],"about":[{"href":"https:\/\/www.liderarte.com.mx\/oldsite\/wp-json\/wp\/v2\/types\/page"}],"author":[{"embeddable":true,"href":"https:\/\/www.liderarte.com.mx\/oldsite\/wp-json\/wp\/v2\/users\/1"}],"replies":[{"embeddable":true,"href":"https:\/\/www.liderarte.com.mx\/oldsite\/wp-json\/wp\/v2\/comments?post=17310"}],"version-history":[{"count":3,"href":"https:\/\/www.liderarte.com.mx\/oldsite\/wp-json\/wp\/v2\/pages\/17310\/revisions"}],"predecessor-version":[{"id":17644,"href":"https:\/\/www.liderarte.com.mx\/oldsite\/wp-json\/wp\/v2\/pages\/17310\/revisions\/17644"}],"wp:attachment":[{"href":"https:\/\/www.liderarte.com.mx\/oldsite\/wp-json\/wp\/v2\/media?parent=17310"}],"curies":[{"name":"wp","href":"https:\/\/api.w.org\/{rel}","templated":true}]}}