{"id":17307,"date":"2023-03-29T05:52:39","date_gmt":"2023-03-29T05:52:39","guid":{"rendered":"http:\/\/www.liderarte.com.mx\/oldsite\/?page_id=17307"},"modified":"2023-03-29T17:05:51","modified_gmt":"2023-03-29T17:05:51","slug":"maria-emilia-coria-bleck","status":"publish","type":"page","link":"https:\/\/www.liderarte.com.mx\/oldsite\/maria-emilia-coria-bleck\/","title":{"rendered":"Maria Emilia Coria Bleck"},"content":{"rendered":"<div class=\"wpb-content-wrapper\"><p>[vc_row][vc_column][vc_row_inner][vc_column_inner][vc_single_image image=\u00bb17366&#8243; img_size=\u00bbmedium\u00bb][\/vc_column_inner][\/vc_row_inner][\/vc_column][\/vc_row][vc_row][vc_column][vc_column_text]<span style=\"color: #000000;\">Emilia es una mujer muy agradecida con lo que hace y apasiona, no s\u00f3lo entender el comportamiento humano en el contexto de los equipos de trabajo sino apoyar a sus miembros a consolidarse como un equipo efectivo.<\/span><\/p>\n<p><span style=\"color: #000000;\">Durante a\u00f1os ha apoyado y sido testigo del desarrollo de l\u00edderes, en su proceso de cambio, de evoluci\u00f3n, de transformaci\u00f3n. No puede evitar maravillarse por los logros que les veo alcanzar y por los grandes descubrimientos que hacen de si mismos.<\/span><\/p>\n<p><span style=\"color: #000000;\">Como psic\u00f3loga, coach profesional y entrenadora est\u00e1 comprometida en ser un crisol de cambio que fomenta y facilita el desarrollo a todos los niveles, en aquellas personas que buscan transformar la forma como experimentan y operan en el mundo.<\/span><\/p>\n<p><span style=\"color: #000000;\"><i>Es especialista en Liderazgo y Desarrollo Ejecutivo<\/i>, cuenta con metodolog\u00edas y, especialmente habilidades relacionales y conversacionales probadas, que lleva usando por m\u00e1s de 13 a\u00f1os de experiencia en individuos y grupos ejecutivos en diferentes niveles.<\/span><\/p>\n<p><span style=\"color: #000000;\"><i>Es especialista en Medici\u00f3n de Habilidades<\/i>, dise\u00f1a formatos de medici\u00f3n de habilidades que usa tanto en los procesos de retroalimentaci\u00f3n, como en las sesiones de coaching ejecutivo individual y grupal. Cuenta con formatos de medici\u00f3n en Colaboraci\u00f3n, Confianza entre los miembros de los Equipos, Accountability, Resoluci\u00f3n de Conflictos, entre otros.<\/span><\/p>\n<p><span style=\"color: #000000;\">\u00a0<i>Capacita a ejecutivos en habilidades de liderazgo<\/i>, dise\u00f1a entrenamientos en liderazgo, como \u201cHabilidades para el Manejo de Grupos y Equipos\u201d para proporcionar herramientas de Coaching, en formato On-Line y B-Learning, con \u00e9nfasis especial en desarrollo de <i>habilidades sociales<\/i> para aquellos l\u00edderes de empresas que necesitan gestionar a sus equipos de manera m\u00e1s efectiva y que logren tener las conversaciones robustas que les ayuden a alcanzar los objetivos establecidos.<\/span><\/p>\n<p>&nbsp;<\/p>\n<p><b>\u00c1REAS DE EXPERIENCIA<\/b><\/p>\n<p><b>High performance coaching, entrenamientos para l\u00edderes de equipos, evaluaciones 360, Hogan\u00a0 y MBTI <\/b><b>assessments<\/b><b>. Entrenadora en Neuro-sem\u00e1ntica y Meta- coaching<\/b><b>.<\/b>[\/vc_column_text][\/vc_column][\/vc_row][vc_row][vc_column][vc_separator css=\u00bb.vc_custom_1680067610241{padding-top: 20px !important;padding-bottom: 20px !important;}\u00bb][\/vc_column][\/vc_row]<\/p>\n<\/div>","protected":false},"excerpt":{"rendered":"<p>[vc_row][vc_column][vc_row_inner][vc_column_inner][vc_single_image image=\u00bb17366&#8243; img_size=\u00bbmedium\u00bb][\/vc_column_inner][\/vc_row_inner][\/vc_column][\/vc_row][vc_row][vc_column][vc_column_text]Emilia es una mujer muy agradecida con lo que hace y apasiona, no s\u00f3lo entender el comportamiento humano en el contexto de los equipos de trabajo sino apoyar a sus miembros a consolidarse como un equipo efectivo. Durante a\u00f1os ha apoyado y sido testigo del desarrollo de l\u00edderes, en su proceso de cambio, [&hellip;]<\/p>\n","protected":false},"author":1,"featured_media":0,"parent":0,"menu_order":0,"comment_status":"closed","ping_status":"closed","template":"","meta":{"footnotes":""},"class_list":["post-17307","page","type-page","status-publish","hentry"],"_links":{"self":[{"href":"https:\/\/www.liderarte.com.mx\/oldsite\/wp-json\/wp\/v2\/pages\/17307","targetHints":{"allow":["GET"]}}],"collection":[{"href":"https:\/\/www.liderarte.com.mx\/oldsite\/wp-json\/wp\/v2\/pages"}],"about":[{"href":"https:\/\/www.liderarte.com.mx\/oldsite\/wp-json\/wp\/v2\/types\/page"}],"author":[{"embeddable":true,"href":"https:\/\/www.liderarte.com.mx\/oldsite\/wp-json\/wp\/v2\/users\/1"}],"replies":[{"embeddable":true,"href":"https:\/\/www.liderarte.com.mx\/oldsite\/wp-json\/wp\/v2\/comments?post=17307"}],"version-history":[{"count":3,"href":"https:\/\/www.liderarte.com.mx\/oldsite\/wp-json\/wp\/v2\/pages\/17307\/revisions"}],"predecessor-version":[{"id":17377,"href":"https:\/\/www.liderarte.com.mx\/oldsite\/wp-json\/wp\/v2\/pages\/17307\/revisions\/17377"}],"wp:attachment":[{"href":"https:\/\/www.liderarte.com.mx\/oldsite\/wp-json\/wp\/v2\/media?parent=17307"}],"curies":[{"name":"wp","href":"https:\/\/api.w.org\/{rel}","templated":true}]}}