{"id":17297,"date":"2023-03-29T05:29:23","date_gmt":"2023-03-29T05:29:23","guid":{"rendered":"http:\/\/www.liderarte.com.mx\/oldsite\/?page_id=17297"},"modified":"2023-03-29T17:03:35","modified_gmt":"2023-03-29T17:03:35","slug":"ana-lovi","status":"publish","type":"page","link":"https:\/\/www.liderarte.com.mx\/oldsite\/ana-lovi\/","title":{"rendered":"Ana L\u00f6vi"},"content":{"rendered":"<div class=\"wpb-content-wrapper\"><p>[vc_row][vc_column][vc_row_inner][vc_column_inner][vc_single_image image=\u00bb17369&#8243; img_size=\u00bbmedium\u00bb][\/vc_column_inner][\/vc_row_inner][\/vc_column][\/vc_row][vc_row][vc_column][vc_column_text]<span style=\"color: #000000;\">Lo que la mueve: creatividad, dise\u00f1o de estrategias, una b\u00fasqueda constante de romper el molde y entender las verdaderas inquietudes detr\u00e1s del cliente, de la organizaci\u00f3n. Estos son los ingredientes que encienden en su trabajo apasionado, comprometido y completamente enfocado al desarrollo humano dentro de las Organizaciones. Con m\u00e1s de 17 a\u00f1os de experiencia, ha tenido la oportunidad de poner al servicio de empresas de diferentes giros y tama\u00f1os, en M\u00e9xico y Argentina, diversas herramientas y especialidades que domina.<\/span><\/p>\n<p><strong><span style=\"color: #000000;\">LIDERARTE PERFORMANCE &amp; COACHING 2013 a la fecha Facilitadora, Coach y Consultor Sr. Asociado<\/span><\/strong><\/p>\n<p><span style=\"color: #000000;\">-Creaci\u00f3n, dise\u00f1o y desarrollo de cursos, team buildings, talleres e intervenciones para potencializaci\u00f3n de liderazgo, competencias, habilidades, integraci\u00f3n y en general desarrollo humano, de acuerdo a las necesidades espec\u00edficas de los diversos clientes, alineados a su cultura y requerimientos espec\u00edficos.<\/span><\/p>\n<p><span style=\"color: #000000;\">-Impartici\u00f3n de sesiones de coaching ejecutivo.<\/span><\/p>\n<p><span style=\"color: #000000;\">-Planeaci\u00f3n y realizaci\u00f3n de cursos de wellness, mindfulness y bienestar de la empresa con repercusi\u00f3n en clima y cultura.<\/span><\/p>\n<p><span style=\"color: #000000;\"><strong>LOGROS:<\/strong> Creadora del Juego GROW y Emotional Building, que potenciaron habilidades de liderazgo y herramientas de inteligencia emocional y visualizaci\u00f3n creativa, respectivamente, con impacto en organizaciones multinacionales.<\/span><\/p>\n<p><strong><span style=\"color: #000000;\">FUNDACI\u00d3N INTERNACIONAL EL ARTE DE VIVIR 2007 a 2017<\/span><\/strong><\/p>\n<p><span style=\"color: #000000;\">Directora del programa <strong>PRISON SMART<\/strong><\/span><\/p>\n<p><span style=\"color: #000000;\">-Coordinaci\u00f3n del programa m\u00e1s grande a nivel Internacional de la Asociaci\u00f3n Internacional de Valores Humanos, impactando a m\u00e1s de 7000 internos.<\/span><\/p>\n<p>&nbsp;<\/p>\n<p><strong><span style=\"color: #000000;\">CERTIFICACIONES Y CURSOS<\/span><\/strong><\/p>\n<ul>\n<li><span style=\"color: #000000;\">Lego Serious Play\u00ae (certificada).<\/span><\/li>\n<li><span style=\"color: #000000;\">Estrategias de Coaching Ejecutivo.<\/span><\/li>\n<li><span style=\"color: #000000;\">Gamificaci\u00f3n.<\/span><\/li>\n<li><span style=\"color: #000000;\">Escritura Creativa.<\/span><\/li>\n<li><span style=\"color: #000000;\">Manejo del estr\u00e9s y wellness corporativo.<\/span><\/li>\n<li><span style=\"color: #000000;\">Clown Teatral.<\/span><\/li>\n<\/ul>\n<p>&nbsp;<\/p>\n<p><b>\u00c1REAS DE EXPERIENCIA<\/b><\/p>\n<p><b>Desarrollo de ejecutivos y de l\u00edderes, coaching ejecutivo, destrezas de comunicaci\u00f3n, manejo de estr\u00e9s, t\u00e9cnicas de\u00a0 respiraci\u00f3n y meditaci\u00f3n, clown para l\u00edderes del cambio.<\/b>[\/vc_column_text][\/vc_column][\/vc_row][vc_row][vc_column][vc_separator css=\u00bb.vc_custom_1680067610241{padding-top: 20px !important;padding-bottom: 20px !important;}\u00bb][\/vc_column][\/vc_row]<\/p>\n<\/div>","protected":false},"excerpt":{"rendered":"<p>[vc_row][vc_column][vc_row_inner][vc_column_inner][vc_single_image image=\u00bb17369&#8243; img_size=\u00bbmedium\u00bb][\/vc_column_inner][\/vc_row_inner][\/vc_column][\/vc_row][vc_row][vc_column][vc_column_text]Lo que la mueve: creatividad, dise\u00f1o de estrategias, una b\u00fasqueda constante de romper el molde y entender las verdaderas inquietudes detr\u00e1s del cliente, de la organizaci\u00f3n. Estos son los ingredientes que encienden en su trabajo apasionado, comprometido y completamente enfocado al desarrollo humano dentro de las Organizaciones. Con m\u00e1s de 17 a\u00f1os de [&hellip;]<\/p>\n","protected":false},"author":1,"featured_media":0,"parent":0,"menu_order":0,"comment_status":"closed","ping_status":"closed","template":"","meta":{"footnotes":""},"class_list":["post-17297","page","type-page","status-publish","hentry"],"_links":{"self":[{"href":"https:\/\/www.liderarte.com.mx\/oldsite\/wp-json\/wp\/v2\/pages\/17297","targetHints":{"allow":["GET"]}}],"collection":[{"href":"https:\/\/www.liderarte.com.mx\/oldsite\/wp-json\/wp\/v2\/pages"}],"about":[{"href":"https:\/\/www.liderarte.com.mx\/oldsite\/wp-json\/wp\/v2\/types\/page"}],"author":[{"embeddable":true,"href":"https:\/\/www.liderarte.com.mx\/oldsite\/wp-json\/wp\/v2\/users\/1"}],"replies":[{"embeddable":true,"href":"https:\/\/www.liderarte.com.mx\/oldsite\/wp-json\/wp\/v2\/comments?post=17297"}],"version-history":[{"count":3,"href":"https:\/\/www.liderarte.com.mx\/oldsite\/wp-json\/wp\/v2\/pages\/17297\/revisions"}],"predecessor-version":[{"id":17374,"href":"https:\/\/www.liderarte.com.mx\/oldsite\/wp-json\/wp\/v2\/pages\/17297\/revisions\/17374"}],"wp:attachment":[{"href":"https:\/\/www.liderarte.com.mx\/oldsite\/wp-json\/wp\/v2\/media?parent=17297"}],"curies":[{"name":"wp","href":"https:\/\/api.w.org\/{rel}","templated":true}]}}